{"id":707,"date":"2023-07-31T13:06:58","date_gmt":"2023-07-31T11:06:58","guid":{"rendered":"https:\/\/remakft.webber360.com\/impresszum\/"},"modified":"2023-08-15T17:28:09","modified_gmt":"2023-08-15T15:28:09","slug":"impressum","status":"publish","type":"page","link":"https:\/\/ktr-kuplung.hu\/de\/impressum\/","title":{"rendered":"Impressum"},"content":{"rendered":"<p>[et_pb_section fb_built=&#8220;1&#8243; _builder_version=&#8220;4.19.4&#8243; _module_preset=&#8220;default&#8220; custom_padding=&#8220;0px||||false|false&#8220; global_colors_info=&#8220;{}&#8220;][et_pb_row _builder_version=&#8220;4.19.4&#8243; _module_preset=&#8220;default&#8220; hover_enabled=&#8220;0&#8243; global_colors_info=&#8220;{}&#8220; custom_padding=&#8220;4%||||false|false&#8220; sticky_enabled=&#8220;0&#8243;][et_pb_column type=&#8220;4_4&#8243; _builder_version=&#8220;4.19.4&#8243; _module_preset=&#8220;default&#8220; global_colors_info=&#8220;{}&#8220;][et_pb_text _builder_version=&#8220;4.19.4&#8243; _module_preset=&#8220;default&#8220; header_font=&#8220;Inter|300||on|||||&#8220; header_text_align=&#8220;center&#8220; header_text_color=&#8220;gcid-10430d8d-c126-42ec-83bd-1556bd88e98f&#8220; header_font_size=&#8220;60px&#8220; header_line_height=&#8220;1.13em&#8220; hover_enabled=&#8220;0&#8243; header_font_size_tablet=&#8220;54px&#8220; header_font_size_phone=&#8220;36px&#8220; header_font_size_last_edited=&#8220;on|phone&#8220; global_colors_info=&#8220;{%22gcid-10430d8d-c126-42ec-83bd-1556bd88e98f%22:%91%22header_text_color%22%93}&#8220; sticky_enabled=&#8220;0&#8243;]<\/p>\n<h1>Impressum<\/h1>\n<p>[\/et_pb_text][\/et_pb_column][\/et_pb_row][et_pb_row column_structure=&#8220;1_2,1_2&#8243; _builder_version=&#8220;4.19.4&#8243; _module_preset=&#8220;default&#8220; global_colors_info=&#8220;{}&#8220;][et_pb_column type=&#8220;1_2&#8243; _builder_version=&#8220;4.19.4&#8243; _module_preset=&#8220;default&#8220; global_colors_info=&#8220;{}&#8220;][et_pb_text _builder_version=&#8220;4.19.4&#8243; _module_preset=&#8220;default&#8220; header_2_font=&#8220;Inter|300||on|||||&#8220; header_2_text_color=&#8220;gcid-10430d8d-c126-42ec-83bd-1556bd88e98f&#8220; header_2_font_size=&#8220;30px&#8220; header_2_font_size_tablet=&#8220;28px&#8220; header_2_font_size_phone=&#8220;18px&#8220; header_2_font_size_last_edited=&#8220;on|tablet&#8220; border_width_bottom=&#8220;1px&#8220; border_color_bottom=&#8220;gcid-3d102cc9-415a-49ab-9489-022b48d57439&#8243; global_colors_info=&#8220;{%22gcid-10430d8d-c126-42ec-83bd-1556bd88e98f%22:%91%22header_2_text_color%22%93,%22gcid-3d102cc9-415a-49ab-9489-022b48d57439%22:%91%22border_color_bottom%22%93}&#8220;]<\/p>\n<h2>Operator<\/h2>\n<p>[\/et_pb_text][et_pb_text _builder_version=&#8220;4.19.4&#8243; _module_preset=&#8220;default&#8220; text_font=&#8220;Inter||||||||&#8220; text_text_color=&#8220;gcid-f8319135-712e-4f6a-8a1b-39b4c5b7bfda&#8220; text_line_height=&#8220;1.69em&#8220; text_font_size_tablet=&#8220;15px&#8220; text_font_size_phone=&#8220;14px&#8220; text_font_size_last_edited=&#8220;on|desktop&#8220; global_colors_info=&#8220;{%22gcid-f8319135-712e-4f6a-8a1b-39b4c5b7bfda%22:%91%22text_text_color%22%93}&#8220;]<\/p>\n<p><strong>Firmenname<\/strong>: ReMa Gy\u00e1rt\u00e1stechnika Magyarorsz\u00e1g Kft.<br \/><strong>Hauptsitz<\/strong>: 2181 Iklad, \u00d6tikerh\u00e1zak 3. B. Geb\u00e4ude<br \/><strong>Firmenregistrierungsnummer <\/strong>: 13-09-083122<br \/><strong>Steuernummer<\/strong>: 11900478-2-13<br \/><strong>Vertreter<\/strong>: dr. L\u00e1szl\u00f3 Ferenc Mikl\u00f3s<\/p>\n<p>[\/et_pb_text][\/et_pb_column][et_pb_column type=&#8220;1_2&#8243; _builder_version=&#8220;4.19.4&#8243; _module_preset=&#8220;default&#8220; global_colors_info=&#8220;{}&#8220;][et_pb_text _builder_version=&#8220;4.19.4&#8243; _module_preset=&#8220;default&#8220; header_2_font=&#8220;Inter|300||on|||||&#8220; header_2_text_color=&#8220;gcid-10430d8d-c126-42ec-83bd-1556bd88e98f&#8220; header_2_font_size=&#8220;30px&#8220; header_2_font_size_tablet=&#8220;28px&#8220; header_2_font_size_phone=&#8220;18px&#8220; header_2_font_size_last_edited=&#8220;on|tablet&#8220; border_width_bottom=&#8220;1px&#8220; border_color_bottom=&#8220;gcid-3d102cc9-415a-49ab-9489-022b48d57439&#8243; global_colors_info=&#8220;{%22gcid-10430d8d-c126-42ec-83bd-1556bd88e98f%22:%91%22header_2_text_color%22%93,%22gcid-3d102cc9-415a-49ab-9489-022b48d57439%22:%91%22border_color_bottom%22%93}&#8220;]<\/p>\n<h2>Hosting-Anbieter<\/h2>\n<p>[\/et_pb_text][et_pb_text _builder_version=&#8220;4.19.4&#8243; _module_preset=&#8220;default&#8220; text_font=&#8220;Inter||||||||&#8220; text_text_color=&#8220;gcid-f8319135-712e-4f6a-8a1b-39b4c5b7bfda&#8220; text_line_height=&#8220;1.69em&#8220; link_font=&#8220;Inter||||||||&#8220; link_text_color=&#8220;gcid-10430d8d-c126-42ec-83bd-1556bd88e98f&#8220; text_font_size_tablet=&#8220;15px&#8220; text_font_size_phone=&#8220;14px&#8220; text_font_size_last_edited=&#8220;on|desktop&#8220; global_colors_info=&#8220;{%22gcid-f8319135-712e-4f6a-8a1b-39b4c5b7bfda%22:%91%22text_text_color%22%93,%22gcid-10430d8d-c126-42ec-83bd-1556bd88e98f%22:%91%22link_text_color%22%93,%22gcid-0fb6b38f-c62e-4031-bf53-2103a2c0ece4%22:%91%22link_text_color__hover%22%93}&#8220; link_text_color__hover_enabled=&#8220;on|hover&#8220; link_text_color__hover=&#8220;#59be84&#8243;]<\/p>\n<p><strong>Hosting-Anbieter<\/strong>: <a href=\"https:\/\/webber360.com\" target=\"_blank\" rel=\"noopener\">Webber 360\u00ba<\/a><br \/><strong> Firmenname <\/strong>: <a href=\"https:\/\/hype5.eu\" target=\"_blank\" rel=\"noopener\">HYPE5 Productions Kft.<\/a><br \/><strong>Hauptsitz<\/strong >: 3066 Kutas\u00f3, Toldi utca 4.<br \/><strong>Kontakt<\/strong>: <a href=\"mailto:hello@webber360.com\">hello@webber360.com<\/a>\u00a0\/ <a href=\"\u201ehttps\" target=\"_blank\" rel=\"noopener\">webber360.com<\/a><\/p>\n<p>[\/et_pb_text][\/et_pb_column][\/et_pb_row][\/et_pb_section]<\/p>\n","protected":false},"excerpt":{"rendered":"<p>ImpressumOperatorFirmenname: ReMa Gy\u00e1rt\u00e1stechnika Magyarorsz\u00e1g Kft.Hauptsitz: 2181 Iklad, \u00d6tikerh\u00e1zak 3. B. Geb\u00e4udeFirmenregistrierungsnummer : 13-09-083122Steuernummer: 11900478-2-13Vertreter: dr. L\u00e1szl\u00f3 Ferenc Mikl\u00f3sHosting-AnbieterHosting-Anbieter: Webber 360\u00ba Firmenname : HYPE5 Productions Kft.Hauptsitz: 3066 Kutas\u00f3, Toldi utca 4.Kontakt: hello@webber360.com\u00a0\/ webber360.com<\/p>\n","protected":false},"author":1,"featured_media":0,"parent":0,"menu_order":0,"comment_status":"closed","ping_status":"closed","template":"","meta":{"_et_pb_use_builder":"on","_et_pb_old_content":"<!-- wp:divi\/placeholder \/-->","_et_gb_content_width":"","inline_featured_image":false},"yoast_head":"<!-- This site is optimized with the Yoast SEO plugin v20.12 - https:\/\/yoast.com\/wordpress\/plugins\/seo\/ -->\n<title>Impressum - KTR Systems<\/title>\n<meta name=\"robots\" content=\"index, follow, max-snippet:-1, max-image-preview:large, max-video-preview:-1\" \/>\n<link rel=\"canonical\" href=\"https:\/\/ktr-kuplung.hu\/de\/impressum\/\" \/>\n<meta property=\"og:locale\" content=\"de_DE\" \/>\n<meta property=\"og:type\" content=\"article\" \/>\n<meta property=\"og:title\" content=\"Impressum - KTR Systems\" \/>\n<meta property=\"og:description\" content=\"ImpressumOperatorFirmenname: ReMa Gy\u00e1rt\u00e1stechnika Magyarorsz\u00e1g Kft.Hauptsitz: 2181 Iklad, \u00d6tikerh\u00e1zak 3. B. Geb\u00e4udeFirmenregistrierungsnummer : 13-09-083122Steuernummer: 11900478-2-13Vertreter: dr. L\u00e1szl\u00f3 Ferenc Mikl\u00f3sHosting-AnbieterHosting-Anbieter: Webber 360\u00ba Firmenname : HYPE5 Productions Kft.Hauptsitz: 3066 Kutas\u00f3, Toldi utca 4.Kontakt: hello@webber360.com\u00a0\/ webber360.com\" \/>\n<meta property=\"og:url\" content=\"https:\/\/ktr-kuplung.hu\/de\/impressum\/\" \/>\n<meta property=\"og:site_name\" content=\"KTR Systems\" \/>\n<meta property=\"article:modified_time\" content=\"2023-08-15T15:28:09+00:00\" \/>\n<meta name=\"twitter:card\" content=\"summary_large_image\" \/>\n<meta name=\"twitter:label1\" content=\"Gesch\u00e4tzte Lesezeit\" \/>\n\t<meta name=\"twitter:data1\" content=\"1 Minute\" \/>\n<script type=\"application\/ld+json\" class=\"yoast-schema-graph\">{\"@context\":\"https:\/\/schema.org\",\"@graph\":[{\"@type\":\"WebPage\",\"@id\":\"https:\/\/ktr-kuplung.hu\/de\/impressum\/\",\"url\":\"https:\/\/ktr-kuplung.hu\/de\/impressum\/\",\"name\":\"Impressum - KTR Systems\",\"isPartOf\":{\"@id\":\"https:\/\/ktr-kuplung.hu\/de\/#website\"},\"datePublished\":\"2023-07-31T11:06:58+00:00\",\"dateModified\":\"2023-08-15T15:28:09+00:00\",\"breadcrumb\":{\"@id\":\"https:\/\/ktr-kuplung.hu\/de\/impressum\/#breadcrumb\"},\"inLanguage\":\"de-DE\",\"potentialAction\":[{\"@type\":\"ReadAction\",\"target\":[\"https:\/\/ktr-kuplung.hu\/de\/impressum\/\"]}]},{\"@type\":\"BreadcrumbList\",\"@id\":\"https:\/\/ktr-kuplung.hu\/de\/impressum\/#breadcrumb\",\"itemListElement\":[{\"@type\":\"ListItem\",\"position\":1,\"name\":\"Kezd\u0151lap\",\"item\":\"https:\/\/ktr-kuplung.hu\/de\/\"},{\"@type\":\"ListItem\",\"position\":2,\"name\":\"Impressum\"}]},{\"@type\":\"WebSite\",\"@id\":\"https:\/\/ktr-kuplung.hu\/de\/#website\",\"url\":\"https:\/\/ktr-kuplung.hu\/de\/\",\"name\":\"KTR Systems\",\"description\":\"Magas sz\u00ednvonal\u00fa, innovat\u00edv hajt\u00f3m\u0171vek\",\"publisher\":{\"@id\":\"https:\/\/ktr-kuplung.hu\/de\/#organization\"},\"potentialAction\":[{\"@type\":\"SearchAction\",\"target\":{\"@type\":\"EntryPoint\",\"urlTemplate\":\"https:\/\/ktr-kuplung.hu\/de\/?s={search_term_string}\"},\"query-input\":\"required name=search_term_string\"}],\"inLanguage\":\"de-DE\"},{\"@type\":\"Organization\",\"@id\":\"https:\/\/ktr-kuplung.hu\/de\/#organization\",\"name\":\"KTR Systems\",\"url\":\"https:\/\/ktr-kuplung.hu\/de\/\",\"logo\":{\"@type\":\"ImageObject\",\"inLanguage\":\"de-DE\",\"@id\":\"https:\/\/ktr-kuplung.hu\/de\/#\/schema\/logo\/image\/\",\"url\":\"https:\/\/ktr-kuplung.hu\/wp-content\/uploads\/2023\/08\/KTR_Systems_logo.svg\",\"contentUrl\":\"https:\/\/ktr-kuplung.hu\/wp-content\/uploads\/2023\/08\/KTR_Systems_logo.svg\",\"width\":1024,\"height\":408,\"caption\":\"KTR Systems\"},\"image\":{\"@id\":\"https:\/\/ktr-kuplung.hu\/de\/#\/schema\/logo\/image\/\"}}]}<\/script>\n<!-- \/ Yoast SEO plugin. -->","yoast_head_json":{"title":"Impressum - KTR Systems","robots":{"index":"index","follow":"follow","max-snippet":"max-snippet:-1","max-image-preview":"max-image-preview:large","max-video-preview":"max-video-preview:-1"},"canonical":"https:\/\/ktr-kuplung.hu\/de\/impressum\/","og_locale":"de_DE","og_type":"article","og_title":"Impressum - KTR Systems","og_description":"ImpressumOperatorFirmenname: ReMa Gy\u00e1rt\u00e1stechnika Magyarorsz\u00e1g Kft.Hauptsitz: 2181 Iklad, \u00d6tikerh\u00e1zak 3. B. Geb\u00e4udeFirmenregistrierungsnummer : 13-09-083122Steuernummer: 11900478-2-13Vertreter: dr. L\u00e1szl\u00f3 Ferenc Mikl\u00f3sHosting-AnbieterHosting-Anbieter: Webber 360\u00ba Firmenname : HYPE5 Productions Kft.Hauptsitz: 3066 Kutas\u00f3, Toldi utca 4.Kontakt: hello@webber360.com\u00a0\/ webber360.com","og_url":"https:\/\/ktr-kuplung.hu\/de\/impressum\/","og_site_name":"KTR Systems","article_modified_time":"2023-08-15T15:28:09+00:00","twitter_card":"summary_large_image","twitter_misc":{"Gesch\u00e4tzte Lesezeit":"1 Minute"},"schema":{"@context":"https:\/\/schema.org","@graph":[{"@type":"WebPage","@id":"https:\/\/ktr-kuplung.hu\/de\/impressum\/","url":"https:\/\/ktr-kuplung.hu\/de\/impressum\/","name":"Impressum - KTR Systems","isPartOf":{"@id":"https:\/\/ktr-kuplung.hu\/de\/#website"},"datePublished":"2023-07-31T11:06:58+00:00","dateModified":"2023-08-15T15:28:09+00:00","breadcrumb":{"@id":"https:\/\/ktr-kuplung.hu\/de\/impressum\/#breadcrumb"},"inLanguage":"de-DE","potentialAction":[{"@type":"ReadAction","target":["https:\/\/ktr-kuplung.hu\/de\/impressum\/"]}]},{"@type":"BreadcrumbList","@id":"https:\/\/ktr-kuplung.hu\/de\/impressum\/#breadcrumb","itemListElement":[{"@type":"ListItem","position":1,"name":"Kezd\u0151lap","item":"https:\/\/ktr-kuplung.hu\/de\/"},{"@type":"ListItem","position":2,"name":"Impressum"}]},{"@type":"WebSite","@id":"https:\/\/ktr-kuplung.hu\/de\/#website","url":"https:\/\/ktr-kuplung.hu\/de\/","name":"KTR Systems","description":"Magas sz\u00ednvonal\u00fa, innovat\u00edv hajt\u00f3m\u0171vek","publisher":{"@id":"https:\/\/ktr-kuplung.hu\/de\/#organization"},"potentialAction":[{"@type":"SearchAction","target":{"@type":"EntryPoint","urlTemplate":"https:\/\/ktr-kuplung.hu\/de\/?s={search_term_string}"},"query-input":"required name=search_term_string"}],"inLanguage":"de-DE"},{"@type":"Organization","@id":"https:\/\/ktr-kuplung.hu\/de\/#organization","name":"KTR Systems","url":"https:\/\/ktr-kuplung.hu\/de\/","logo":{"@type":"ImageObject","inLanguage":"de-DE","@id":"https:\/\/ktr-kuplung.hu\/de\/#\/schema\/logo\/image\/","url":"https:\/\/ktr-kuplung.hu\/wp-content\/uploads\/2023\/08\/KTR_Systems_logo.svg","contentUrl":"https:\/\/ktr-kuplung.hu\/wp-content\/uploads\/2023\/08\/KTR_Systems_logo.svg","width":1024,"height":408,"caption":"KTR Systems"},"image":{"@id":"https:\/\/ktr-kuplung.hu\/de\/#\/schema\/logo\/image\/"}}]}},"_links":{"self":[{"href":"https:\/\/ktr-kuplung.hu\/de\/wp-json\/wp\/v2\/pages\/707"}],"collection":[{"href":"https:\/\/ktr-kuplung.hu\/de\/wp-json\/wp\/v2\/pages"}],"about":[{"href":"https:\/\/ktr-kuplung.hu\/de\/wp-json\/wp\/v2\/types\/page"}],"author":[{"embeddable":true,"href":"https:\/\/ktr-kuplung.hu\/de\/wp-json\/wp\/v2\/users\/1"}],"replies":[{"embeddable":true,"href":"https:\/\/ktr-kuplung.hu\/de\/wp-json\/wp\/v2\/comments?post=707"}],"version-history":[{"count":9,"href":"https:\/\/ktr-kuplung.hu\/de\/wp-json\/wp\/v2\/pages\/707\/revisions"}],"predecessor-version":[{"id":1364,"href":"https:\/\/ktr-kuplung.hu\/de\/wp-json\/wp\/v2\/pages\/707\/revisions\/1364"}],"wp:attachment":[{"href":"https:\/\/ktr-kuplung.hu\/de\/wp-json\/wp\/v2\/media?parent=707"}],"curies":[{"name":"wp","href":"https:\/\/api.w.org\/{rel}","templated":true}]}}