{"id":716,"date":"2023-07-31T13:05:48","date_gmt":"2023-07-31T11:05:48","guid":{"rendered":"https:\/\/remakft.webber360.com\/kapcsolat\/"},"modified":"2023-08-15T17:33:29","modified_gmt":"2023-08-15T15:33:29","slug":"kontakt","status":"publish","type":"page","link":"https:\/\/ktr-kuplung.hu\/de\/kontakt\/","title":{"rendered":"Kontakt"},"content":{"rendered":"<p>[et_pb_section fb_built=&#8220;1&#8243; _builder_version=&#8220;4.19.4&#8243; _module_preset=&#8220;default&#8220; custom_padding=&#8220;0px||||false|false&#8220; global_colors_info=&#8220;{}&#8220;][et_pb_row custom_padding_last_edited=&#8220;on|phone&#8220; _builder_version=&#8220;4.19.4&#8243; _module_preset=&#8220;default&#8220; use_background_color_gradient=&#8220;on&#8220; background_color_gradient_stops=&#8220;rgba(85,85,85,0.3) 0%|rgba(85,85,85,0.3) 99%&#8220; background_color_gradient_overlays_image=&#8220;on&#8220; background_image=&#8220;https:\/\/ktr-kuplung.hu\/wp-content\/uploads\/2023\/08\/slider_1.jpg&#8220; background_position=&#8220;bottom_center&#8220; custom_margin=&#8220;||||false|false&#8220; custom_padding=&#8220;15vh||15vh||true|false&#8220; custom_padding_tablet=&#8220;12vh||12vh||true|false&#8220; custom_padding_phone=&#8220;10vh||10vh||true|false&#8220; global_colors_info=&#8220;{}&#8220; custom_padding__hover_enabled=&#8220;off|desktop&#8220;][et_pb_column type=&#8220;4_4&#8243; _builder_version=&#8220;4.19.4&#8243; _module_preset=&#8220;default&#8220; global_colors_info=&#8220;{}&#8220;][et_pb_text _builder_version=&#8220;4.19.4&#8243; _module_preset=&#8220;default&#8220; header_font=&#8220;Inter|300||on|||||&#8220; header_text_align=&#8220;center&#8220; header_text_color=&#8220;#FFFFFF&#8220; header_font_size=&#8220;60px&#8220; hover_enabled=&#8220;0&#8243; header_font_size_tablet=&#8220;54px&#8220; header_font_size_phone=&#8220;36px&#8220; header_font_size_last_edited=&#8220;on|phone&#8220; header_text_shadow_style=&#8220;preset3&#8243; header_text_shadow_color=&#8220;rgba(0,0,0,0.2)&#8220; global_colors_info=&#8220;{}&#8220; sticky_enabled=&#8220;0&#8243;]<\/p>\n<h1>Kontakt<\/h1>\n<p>[\/et_pb_text][\/et_pb_column][\/et_pb_row][et_pb_row column_structure=&#8220;1_2,1_2&#8243; _builder_version=&#8220;4.19.4&#8243; _module_preset=&#8220;default&#8220; custom_padding=&#8220;4%||||false|false&#8220; global_colors_info=&#8220;{}&#8220;][et_pb_column type=&#8220;1_2&#8243; _builder_version=&#8220;4.19.4&#8243; _module_preset=&#8220;default&#8220; global_colors_info=&#8220;{}&#8220;][et_pb_text _builder_version=&#8220;4.19.4&#8243; _module_preset=&#8220;default&#8220; header_2_font=&#8220;Inter|300||on|||||&#8220; header_2_text_color=&#8220;gcid-10430d8d-c126-42ec-83bd-1556bd88e98f&#8220; header_2_font_size=&#8220;30px&#8220; hover_enabled=&#8220;0&#8243; header_2_font_size_tablet=&#8220;28px&#8220; header_2_font_size_phone=&#8220;18px&#8220; header_2_font_size_last_edited=&#8220;on|phone&#8220; border_width_bottom=&#8220;1px&#8220; border_color_bottom=&#8220;gcid-3d102cc9-415a-49ab-9489-022b48d57439&#8243; global_colors_info=&#8220;{%22gcid-10430d8d-c126-42ec-83bd-1556bd88e98f%22:%91%22header_2_text_color%22%93,%22gcid-3d102cc9-415a-49ab-9489-022b48d57439%22:%91%22border_color_bottom%22%93}&#8220; sticky_enabled=&#8220;0&#8243;]<\/p>\n<h2>Unsere Kontakte<\/h2>\n<p>[\/et_pb_text][et_pb_text _builder_version=&#8220;4.19.4&#8243; _module_preset=&#8220;default&#8220; hover_enabled=&#8220;0&#8243; global_colors_info=&#8220;{}&#8220; sticky_enabled=&#8220;0&#8243;]<\/p>\n<p>Seit seiner Gr\u00fcndung ist <strong>KTR<\/strong> bestrebt, <strong>hochwertige Produkte<\/strong> herzustellen. Der genaue Entwurfs- und Produktionsprozess wird mit Hilfe des 3D-CAD-Systems umgesetzt. Dadurch wird der Zeit- und Energieaufwand f\u00fcr Entwicklung und Produktion deutlich reduziert und somit eine hohe Qualit\u00e4t und <strong>g\u00fcnstige Preise<\/strong> gew\u00e4hrleistet. Dar\u00fcber hinaus arbeitet KTR kontinuierlich an der Weiterentwicklung seiner bestehenden Produkte und Motorenteile. Fragen Sie unsere Experten, fordern Sie ein Angebot per E-Mail an! Unsere Kollegen stehen Ihnen gerne zur Verf\u00fcgung!<\/p>\n<p><strong>Unsere Adresse:<\/strong> H-2181<strong><\/strong>Iklad, \u00d6tikerh\u00e1zak 3\/B<br \/><strong>Telefon:<\/strong>06 (28) 578-600< br \/><strong>Fax:<\/strong>06 (28) 578-603<br \/><strong>E-Mail:<\/strong> <a href=\"mailto:info@remakft.hu\">info@ remakft .hu<\/a><\/p>\n<p>[\/et_pb_text][\/et_pb_column][et_pb_column type=&#8220;1_2&#8243; _builder_version=&#8220;4.19.4&#8243; _module_preset=&#8220;default&#8220; global_colors_info=&#8220;{}&#8220;][et_pb_text _builder_version=&#8220;4.19.4&#8243; _module_preset=&#8220;default&#8220; header_2_font=&#8220;Inter|300||on|||||&#8220; header_2_text_color=&#8220;gcid-10430d8d-c126-42ec-83bd-1556bd88e98f&#8220; header_2_font_size=&#8220;30px&#8220; hover_enabled=&#8220;0&#8243; header_2_font_size_tablet=&#8220;28px&#8220; header_2_font_size_phone=&#8220;18px&#8220; header_2_font_size_last_edited=&#8220;on|phone&#8220; border_width_bottom=&#8220;1px&#8220; border_color_bottom=&#8220;gcid-3d102cc9-415a-49ab-9489-022b48d57439&#8243; global_colors_info=&#8220;{%22gcid-10430d8d-c126-42ec-83bd-1556bd88e98f%22:%91%22header_2_text_color%22%93,%22gcid-3d102cc9-415a-49ab-9489-022b48d57439%22:%91%22border_color_bottom%22%93}&#8220; sticky_enabled=&#8220;0&#8243;]<\/p>\n<h2>Fordern Sie ein Angebot an!<\/h2>\n<p>[\/et_pb_text][et_pb_contact_form use_spam_service=&#8220;on&#8220; email=&#8220;info@remakft.hu&#8220; custom_message=&#8220;\u00daj kapcsolatfelv\u00e9teli ig\u00e9ny \u00e9rkezett az al\u00e1bbi adatokkal:||et_pb_line_break_holder||||et_pb_line_break_holder||%%Name%%||et_pb_line_break_holder||%%phone%%||et_pb_line_break_holder||%%Email%%||et_pb_line_break_holder||%%Message%%&#8220; success_message=&#8220;Vielen Dank, Ihre Bewerbung wurde erfasst. Unser Kollege wird sich schnellstm\u00f6glich \u00fcber eine der angegebenen Kontaktdaten mit Ihnen in Verbindung setzen.&#8220; submit_button_text=&#8220;Bitte einen R\u00fcckruf&#8220; _builder_version=&#8220;4.19.4&#8243; _module_preset=&#8220;default&#8220; _unique_id=&#8220;ae6530ef-4cd7-4d1d-b442-ca128860a9d6&#8243; custom_button=&#8220;on&#8220; button_font=&#8220;|600|||||||&#8220; button_use_icon=&#8220;off&#8220; button_custom_padding=&#8220;1em|2.5em|1em|2.5em|true|true&#8220; hover_enabled=&#8220;0&#8243; global_colors_info=&#8220;{}&#8220; sticky_enabled=&#8220;0&#8243;][et_pb_contact_field field_id=&#8220;Name&#8220; field_title=&#8220;Name&#8220; fullwidth_field=&#8220;on&#8220; _builder_version=&#8220;4.19.4&#8243; hover_enabled=&#8220;0&#8243; global_colors_info=&#8220;{}&#8220; button_text_size__hover_enabled=&#8220;off&#8220; button_one_text_size__hover_enabled=&#8220;off&#8220; button_two_text_size__hover_enabled=&#8220;off&#8220; button_text_color__hover_enabled=&#8220;off&#8220; button_one_text_color__hover_enabled=&#8220;off&#8220; button_two_text_color__hover_enabled=&#8220;off&#8220; button_border_width__hover_enabled=&#8220;off&#8220; button_one_border_width__hover_enabled=&#8220;off&#8220; button_two_border_width__hover_enabled=&#8220;off&#8220; button_border_color__hover_enabled=&#8220;off&#8220; button_one_border_color__hover_enabled=&#8220;off&#8220; button_two_border_color__hover_enabled=&#8220;off&#8220; button_border_radius__hover_enabled=&#8220;off&#8220; button_one_border_radius__hover_enabled=&#8220;off&#8220; button_two_border_radius__hover_enabled=&#8220;off&#8220; button_letter_spacing__hover_enabled=&#8220;off&#8220; button_one_letter_spacing__hover_enabled=&#8220;off&#8220; button_two_letter_spacing__hover_enabled=&#8220;off&#8220; button_bg_color__hover_enabled=&#8220;off&#8220; button_one_bg_color__hover_enabled=&#8220;off&#8220; button_two_bg_color__hover_enabled=&#8220;off&#8220; sticky_enabled=&#8220;0&#8243;][\/et_pb_contact_field][et_pb_contact_field field_id=&#8220;phone&#8220; field_title=&#8220;Telefon&#8220; _builder_version=&#8220;4.19.4&#8243; _module_preset=&#8220;default&#8220; hover_enabled=&#8220;0&#8243; global_colors_info=&#8220;{}&#8220; sticky_enabled=&#8220;0&#8243;][\/et_pb_contact_field][et_pb_contact_field field_id=&#8220;Email&#8220; field_title=&#8220;E-mail&#8220; field_type=&#8220;email&#8220; _builder_version=&#8220;4.19.4&#8243; hover_enabled=&#8220;0&#8243; global_colors_info=&#8220;{}&#8220; button_text_size__hover_enabled=&#8220;off&#8220; button_one_text_size__hover_enabled=&#8220;off&#8220; button_two_text_size__hover_enabled=&#8220;off&#8220; button_text_color__hover_enabled=&#8220;off&#8220; button_one_text_color__hover_enabled=&#8220;off&#8220; button_two_text_color__hover_enabled=&#8220;off&#8220; button_border_width__hover_enabled=&#8220;off&#8220; button_one_border_width__hover_enabled=&#8220;off&#8220; button_two_border_width__hover_enabled=&#8220;off&#8220; button_border_color__hover_enabled=&#8220;off&#8220; button_one_border_color__hover_enabled=&#8220;off&#8220; button_two_border_color__hover_enabled=&#8220;off&#8220; button_border_radius__hover_enabled=&#8220;off&#8220; button_one_border_radius__hover_enabled=&#8220;off&#8220; button_two_border_radius__hover_enabled=&#8220;off&#8220; button_letter_spacing__hover_enabled=&#8220;off&#8220; button_one_letter_spacing__hover_enabled=&#8220;off&#8220; button_two_letter_spacing__hover_enabled=&#8220;off&#8220; button_bg_color__hover_enabled=&#8220;off&#8220; button_one_bg_color__hover_enabled=&#8220;off&#8220; button_two_bg_color__hover_enabled=&#8220;off&#8220; sticky_enabled=&#8220;0&#8243;][\/et_pb_contact_field][et_pb_contact_field field_id=&#8220;Message&#8220; field_title=&#8220;Nachricht&#8220; field_type=&#8220;text&#8220; fullwidth_field=&#8220;on&#8220; _builder_version=&#8220;4.19.4&#8243; hover_enabled=&#8220;0&#8243; global_colors_info=&#8220;{}&#8220; button_text_size__hover_enabled=&#8220;off&#8220; button_one_text_size__hover_enabled=&#8220;off&#8220; button_two_text_size__hover_enabled=&#8220;off&#8220; button_text_color__hover_enabled=&#8220;off&#8220; button_one_text_color__hover_enabled=&#8220;off&#8220; button_two_text_color__hover_enabled=&#8220;off&#8220; button_border_width__hover_enabled=&#8220;off&#8220; button_one_border_width__hover_enabled=&#8220;off&#8220; button_two_border_width__hover_enabled=&#8220;off&#8220; button_border_color__hover_enabled=&#8220;off&#8220; button_one_border_color__hover_enabled=&#8220;off&#8220; button_two_border_color__hover_enabled=&#8220;off&#8220; button_border_radius__hover_enabled=&#8220;off&#8220; button_one_border_radius__hover_enabled=&#8220;off&#8220; button_two_border_radius__hover_enabled=&#8220;off&#8220; button_letter_spacing__hover_enabled=&#8220;off&#8220; button_one_letter_spacing__hover_enabled=&#8220;off&#8220; button_two_letter_spacing__hover_enabled=&#8220;off&#8220; button_bg_color__hover_enabled=&#8220;off&#8220; button_one_bg_color__hover_enabled=&#8220;off&#8220; button_two_bg_color__hover_enabled=&#8220;off&#8220; sticky_enabled=&#8220;0&#8243;][\/et_pb_contact_field][et_pb_contact_field field_id=&#8220;GDPR&#8220; field_title=&#8220;DSGVO-Einwilligung&#8220; field_type=&#8220;checkbox&#8220; checkbox_options=&#8220;%91{%22value%22:%22Ich habe die <a href=%92%22\/datenschutz-bestimmungen\/%92%22 data-et-target-link=%92%22_blank%92%22 rel=%92%22noopener%92%22>Informationen zur Datenverwaltung<\/a> gelesen und akzeptiere sie%22,%22checked%22:0,%22dragID%22:-1}%93&#8243; fullwidth_field=&#8220;on&#8220; _builder_version=&#8220;4.19.4&#8243; _module_preset=&#8220;default&#8220; hover_enabled=&#8220;0&#8243; global_colors_info=&#8220;{}&#8220; sticky_enabled=&#8220;0&#8243;][\/et_pb_contact_field][\/et_pb_contact_form][\/et_pb_column][\/et_pb_row][et_pb_row _builder_version=&#8220;4.19.4&#8243; _module_preset=&#8220;default&#8220; custom_padding=&#8220;||||false|false&#8220; global_colors_info=&#8220;{}&#8220;][et_pb_column type=&#8220;4_4&#8243; _builder_version=&#8220;4.19.4&#8243; _module_preset=&#8220;default&#8220; global_colors_info=&#8220;{}&#8220;][et_pb_code _builder_version=&#8220;4.19.4&#8243; _module_preset=&#8220;default&#8220; global_colors_info=&#8220;{}&#8220;]<iframe src=\"https:\/\/www.google.com\/maps\/embed?pb=!1m18!1m12!1m3!1d2686.9641121644977!2d19.43021247641245!3d47.66569357119522!2m3!1f0!2f0!3f0!3m2!1i1024!2i768!4f13.1!3m3!1m2!1s0x4741cb031d913a87%3A0xbb887630798af957!2sRema%20Gy%C3%A1rt%C3%A1stechnika%20Magyarorsz%C3%A1g%20Kft.!5e0!3m2!1sen!2shu!4v1692092419216!5m2!1sen!2shu\" width=\"100%\" height=\"450\" style=\"border:0;\" allowfullscreen=\"\" loading=\"lazy\" referrerpolicy=\"no-referrer-when-downgrade\"><\/iframe>[\/et_pb_code][\/et_pb_column][\/et_pb_row][\/et_pb_section]<\/p>\n","protected":false},"excerpt":{"rendered":"<p>KontaktUnsere KontakteSeit seiner Gr\u00fcndung ist KTR bestrebt, hochwertige Produkte herzustellen. Der genaue Entwurfs- und Produktionsprozess wird mit Hilfe des 3D-CAD-Systems umgesetzt. Dadurch wird der Zeit- und Energieaufwand f\u00fcr Entwicklung und Produktion deutlich reduziert und somit eine hohe Qualit\u00e4t und g\u00fcnstige Preise gew\u00e4hrleistet. Dar\u00fcber hinaus arbeitet KTR kontinuierlich an der Weiterentwicklung seiner bestehenden Produkte und Motorenteile. [&hellip;]<\/p>\n","protected":false},"author":1,"featured_media":0,"parent":0,"menu_order":0,"comment_status":"closed","ping_status":"closed","template":"","meta":{"_et_pb_use_builder":"on","_et_pb_old_content":"<!-- wp:divi\/placeholder \/-->","_et_gb_content_width":"","inline_featured_image":false},"yoast_head":"<!-- This site is optimized with the Yoast SEO plugin v20.12 - https:\/\/yoast.com\/wordpress\/plugins\/seo\/ -->\n<title>Kontakt - KTR Systems<\/title>\n<meta name=\"robots\" content=\"index, follow, max-snippet:-1, max-image-preview:large, max-video-preview:-1\" \/>\n<link rel=\"canonical\" href=\"https:\/\/ktr-kuplung.hu\/de\/kontakt\/\" \/>\n<meta property=\"og:locale\" content=\"de_DE\" \/>\n<meta property=\"og:type\" content=\"article\" \/>\n<meta property=\"og:title\" content=\"Kontakt - KTR Systems\" \/>\n<meta property=\"og:description\" content=\"KontaktUnsere KontakteSeit seiner Gr\u00fcndung ist KTR bestrebt, hochwertige Produkte herzustellen. Der genaue Entwurfs- und Produktionsprozess wird mit Hilfe des 3D-CAD-Systems umgesetzt. Dadurch wird der Zeit- und Energieaufwand f\u00fcr Entwicklung und Produktion deutlich reduziert und somit eine hohe Qualit\u00e4t und g\u00fcnstige Preise gew\u00e4hrleistet. Dar\u00fcber hinaus arbeitet KTR kontinuierlich an der Weiterentwicklung seiner bestehenden Produkte und Motorenteile. [&hellip;]\" \/>\n<meta property=\"og:url\" content=\"https:\/\/ktr-kuplung.hu\/de\/kontakt\/\" \/>\n<meta property=\"og:site_name\" content=\"KTR Systems\" \/>\n<meta property=\"article:modified_time\" content=\"2023-08-15T15:33:29+00:00\" \/>\n<meta name=\"twitter:card\" content=\"summary_large_image\" \/>\n<meta name=\"twitter:label1\" content=\"Gesch\u00e4tzte Lesezeit\" \/>\n\t<meta name=\"twitter:data1\" content=\"2 Minuten\" \/>\n<script type=\"application\/ld+json\" class=\"yoast-schema-graph\">{\"@context\":\"https:\/\/schema.org\",\"@graph\":[{\"@type\":\"WebPage\",\"@id\":\"https:\/\/ktr-kuplung.hu\/de\/kontakt\/\",\"url\":\"https:\/\/ktr-kuplung.hu\/de\/kontakt\/\",\"name\":\"Kontakt - KTR Systems\",\"isPartOf\":{\"@id\":\"https:\/\/ktr-kuplung.hu\/de\/#website\"},\"datePublished\":\"2023-07-31T11:05:48+00:00\",\"dateModified\":\"2023-08-15T15:33:29+00:00\",\"breadcrumb\":{\"@id\":\"https:\/\/ktr-kuplung.hu\/de\/kontakt\/#breadcrumb\"},\"inLanguage\":\"de-DE\",\"potentialAction\":[{\"@type\":\"ReadAction\",\"target\":[\"https:\/\/ktr-kuplung.hu\/de\/kontakt\/\"]}]},{\"@type\":\"BreadcrumbList\",\"@id\":\"https:\/\/ktr-kuplung.hu\/de\/kontakt\/#breadcrumb\",\"itemListElement\":[{\"@type\":\"ListItem\",\"position\":1,\"name\":\"Kezd\u0151lap\",\"item\":\"https:\/\/ktr-kuplung.hu\/de\/\"},{\"@type\":\"ListItem\",\"position\":2,\"name\":\"Kontakt\"}]},{\"@type\":\"WebSite\",\"@id\":\"https:\/\/ktr-kuplung.hu\/de\/#website\",\"url\":\"https:\/\/ktr-kuplung.hu\/de\/\",\"name\":\"KTR Systems\",\"description\":\"Magas sz\u00ednvonal\u00fa, innovat\u00edv hajt\u00f3m\u0171vek\",\"publisher\":{\"@id\":\"https:\/\/ktr-kuplung.hu\/de\/#organization\"},\"potentialAction\":[{\"@type\":\"SearchAction\",\"target\":{\"@type\":\"EntryPoint\",\"urlTemplate\":\"https:\/\/ktr-kuplung.hu\/de\/?s={search_term_string}\"},\"query-input\":\"required name=search_term_string\"}],\"inLanguage\":\"de-DE\"},{\"@type\":\"Organization\",\"@id\":\"https:\/\/ktr-kuplung.hu\/de\/#organization\",\"name\":\"KTR Systems\",\"url\":\"https:\/\/ktr-kuplung.hu\/de\/\",\"logo\":{\"@type\":\"ImageObject\",\"inLanguage\":\"de-DE\",\"@id\":\"https:\/\/ktr-kuplung.hu\/de\/#\/schema\/logo\/image\/\",\"url\":\"https:\/\/ktr-kuplung.hu\/wp-content\/uploads\/2023\/08\/KTR_Systems_logo.svg\",\"contentUrl\":\"https:\/\/ktr-kuplung.hu\/wp-content\/uploads\/2023\/08\/KTR_Systems_logo.svg\",\"width\":1024,\"height\":408,\"caption\":\"KTR Systems\"},\"image\":{\"@id\":\"https:\/\/ktr-kuplung.hu\/de\/#\/schema\/logo\/image\/\"}}]}<\/script>\n<!-- \/ Yoast SEO plugin. -->","yoast_head_json":{"title":"Kontakt - KTR Systems","robots":{"index":"index","follow":"follow","max-snippet":"max-snippet:-1","max-image-preview":"max-image-preview:large","max-video-preview":"max-video-preview:-1"},"canonical":"https:\/\/ktr-kuplung.hu\/de\/kontakt\/","og_locale":"de_DE","og_type":"article","og_title":"Kontakt - KTR Systems","og_description":"KontaktUnsere KontakteSeit seiner Gr\u00fcndung ist KTR bestrebt, hochwertige Produkte herzustellen. Der genaue Entwurfs- und Produktionsprozess wird mit Hilfe des 3D-CAD-Systems umgesetzt. Dadurch wird der Zeit- und Energieaufwand f\u00fcr Entwicklung und Produktion deutlich reduziert und somit eine hohe Qualit\u00e4t und g\u00fcnstige Preise gew\u00e4hrleistet. Dar\u00fcber hinaus arbeitet KTR kontinuierlich an der Weiterentwicklung seiner bestehenden Produkte und Motorenteile. [&hellip;]","og_url":"https:\/\/ktr-kuplung.hu\/de\/kontakt\/","og_site_name":"KTR Systems","article_modified_time":"2023-08-15T15:33:29+00:00","twitter_card":"summary_large_image","twitter_misc":{"Gesch\u00e4tzte Lesezeit":"2 Minuten"},"schema":{"@context":"https:\/\/schema.org","@graph":[{"@type":"WebPage","@id":"https:\/\/ktr-kuplung.hu\/de\/kontakt\/","url":"https:\/\/ktr-kuplung.hu\/de\/kontakt\/","name":"Kontakt - KTR Systems","isPartOf":{"@id":"https:\/\/ktr-kuplung.hu\/de\/#website"},"datePublished":"2023-07-31T11:05:48+00:00","dateModified":"2023-08-15T15:33:29+00:00","breadcrumb":{"@id":"https:\/\/ktr-kuplung.hu\/de\/kontakt\/#breadcrumb"},"inLanguage":"de-DE","potentialAction":[{"@type":"ReadAction","target":["https:\/\/ktr-kuplung.hu\/de\/kontakt\/"]}]},{"@type":"BreadcrumbList","@id":"https:\/\/ktr-kuplung.hu\/de\/kontakt\/#breadcrumb","itemListElement":[{"@type":"ListItem","position":1,"name":"Kezd\u0151lap","item":"https:\/\/ktr-kuplung.hu\/de\/"},{"@type":"ListItem","position":2,"name":"Kontakt"}]},{"@type":"WebSite","@id":"https:\/\/ktr-kuplung.hu\/de\/#website","url":"https:\/\/ktr-kuplung.hu\/de\/","name":"KTR Systems","description":"Magas sz\u00ednvonal\u00fa, innovat\u00edv hajt\u00f3m\u0171vek","publisher":{"@id":"https:\/\/ktr-kuplung.hu\/de\/#organization"},"potentialAction":[{"@type":"SearchAction","target":{"@type":"EntryPoint","urlTemplate":"https:\/\/ktr-kuplung.hu\/de\/?s={search_term_string}"},"query-input":"required name=search_term_string"}],"inLanguage":"de-DE"},{"@type":"Organization","@id":"https:\/\/ktr-kuplung.hu\/de\/#organization","name":"KTR Systems","url":"https:\/\/ktr-kuplung.hu\/de\/","logo":{"@type":"ImageObject","inLanguage":"de-DE","@id":"https:\/\/ktr-kuplung.hu\/de\/#\/schema\/logo\/image\/","url":"https:\/\/ktr-kuplung.hu\/wp-content\/uploads\/2023\/08\/KTR_Systems_logo.svg","contentUrl":"https:\/\/ktr-kuplung.hu\/wp-content\/uploads\/2023\/08\/KTR_Systems_logo.svg","width":1024,"height":408,"caption":"KTR Systems"},"image":{"@id":"https:\/\/ktr-kuplung.hu\/de\/#\/schema\/logo\/image\/"}}]}},"_links":{"self":[{"href":"https:\/\/ktr-kuplung.hu\/de\/wp-json\/wp\/v2\/pages\/716"}],"collection":[{"href":"https:\/\/ktr-kuplung.hu\/de\/wp-json\/wp\/v2\/pages"}],"about":[{"href":"https:\/\/ktr-kuplung.hu\/de\/wp-json\/wp\/v2\/types\/page"}],"author":[{"embeddable":true,"href":"https:\/\/ktr-kuplung.hu\/de\/wp-json\/wp\/v2\/users\/1"}],"replies":[{"embeddable":true,"href":"https:\/\/ktr-kuplung.hu\/de\/wp-json\/wp\/v2\/comments?post=716"}],"version-history":[{"count":13,"href":"https:\/\/ktr-kuplung.hu\/de\/wp-json\/wp\/v2\/pages\/716\/revisions"}],"predecessor-version":[{"id":1374,"href":"https:\/\/ktr-kuplung.hu\/de\/wp-json\/wp\/v2\/pages\/716\/revisions\/1374"}],"wp:attachment":[{"href":"https:\/\/ktr-kuplung.hu\/de\/wp-json\/wp\/v2\/media?parent=716"}],"curies":[{"name":"wp","href":"https:\/\/api.w.org\/{rel}","templated":true}]}}