{"id":728,"date":"2023-07-31T13:04:22","date_gmt":"2023-07-31T11:04:22","guid":{"rendered":"https:\/\/remakft.webber360.com\/rolunk\/"},"modified":"2023-08-15T18:26:58","modified_gmt":"2023-08-15T16:26:58","slug":"uber-uns","status":"publish","type":"page","link":"https:\/\/ktr-kuplung.hu\/de\/uber-uns\/","title":{"rendered":"\u00dcber Uns"},"content":{"rendered":"<p>[et_pb_section fb_built=&#8220;1&#8243; _builder_version=&#8220;4.19.4&#8243; _module_preset=&#8220;default&#8220; custom_padding=&#8220;0px||||false|false&#8220; global_colors_info=&#8220;{}&#8220;][et_pb_row _builder_version=&#8220;4.19.4&#8243; _module_preset=&#8220;default&#8220; custom_padding=&#8220;4%||||false|false&#8220; global_colors_info=&#8220;{}&#8220;][et_pb_column type=&#8220;4_4&#8243; _builder_version=&#8220;4.19.4&#8243; _module_preset=&#8220;default&#8220; global_colors_info=&#8220;{}&#8220;][et_pb_text _builder_version=&#8220;4.19.4&#8243; _module_preset=&#8220;default&#8220; header_font=&#8220;Inter|300||on|||||&#8220; header_text_align=&#8220;center&#8220; header_text_color=&#8220;gcid-10430d8d-c126-42ec-83bd-1556bd88e98f&#8220; header_font_size=&#8220;60px&#8220; hover_enabled=&#8220;0&#8243; header_font_size_tablet=&#8220;54px&#8220; header_font_size_phone=&#8220;36px&#8220; header_font_size_last_edited=&#8220;on|phone&#8220; global_colors_info=&#8220;{%22gcid-10430d8d-c126-42ec-83bd-1556bd88e98f%22:%91%22header_text_color%22%93}&#8220; sticky_enabled=&#8220;0&#8243;]<\/p>\n<h1>\u00dcber Uns<\/h1>\n<p>[\/et_pb_text][\/et_pb_column][\/et_pb_row][et_pb_row _builder_version=&#8220;4.19.4&#8243; _module_preset=&#8220;default&#8220; global_colors_info=&#8220;{}&#8220;][et_pb_column type=&#8220;4_4&#8243; _builder_version=&#8220;4.19.4&#8243; _module_preset=&#8220;default&#8220; global_colors_info=&#8220;{}&#8220;][et_pb_code _builder_version=&#8220;4.19.4&#8243; _module_preset=&#8220;default&#8220; global_colors_info=&#8220;{}&#8220;]<iframe loading=\"lazy\" src=\"\/\/www.youtube.com\/embed\/zPY6rGK_M7s\" allowfullscreen=\"allowfullscreen\" width=\"560\" height=\"315\" frameborder=\"0\"><\/iframe>[\/et_pb_code][et_pb_text _builder_version=&#8220;4.19.4&#8243; _module_preset=&#8220;default&#8220; text_font=&#8220;Inter||||||||&#8220; text_text_color=&#8220;gcid-f8319135-712e-4f6a-8a1b-39b4c5b7bfda&#8220; text_line_height=&#8220;1.69em&#8220; header_2_font=&#8220;Inter|300||on|||||&#8220; header_2_text_color=&#8220;gcid-10430d8d-c126-42ec-83bd-1556bd88e98f&#8220; header_2_font_size=&#8220;30px&#8220; max_width=&#8220;769px&#8220; module_alignment=&#8220;center&#8220; hover_enabled=&#8220;0&#8243; text_font_size_tablet=&#8220;15px&#8220; text_font_size_phone=&#8220;14px&#8220; text_font_size_last_edited=&#8220;on|desktop&#8220; header_2_font_size_tablet=&#8220;28px&#8220; header_2_font_size_phone=&#8220;18px&#8220; header_2_font_size_last_edited=&#8220;on|phone&#8220; global_colors_info=&#8220;{%22gcid-f8319135-712e-4f6a-8a1b-39b4c5b7bfda%22:%91%22text_text_color%22%93,%22gcid-10430d8d-c126-42ec-83bd-1556bd88e98f%22:%91%22header_2_text_color%22%93}&#8220; sticky_enabled=&#8220;0&#8243;]<\/p>\n<p> <strong>KTR<\/strong> bietet h\u00f6chste Qualit\u00e4t<strong>Innovation und Pr\u00e4zision<\/strong>. Seit der Firmengr\u00fcndung im Jahr 1959 ist das Unternehmen zum Partner vieler geworden gro\u00dfe Firmen. Der Erfolg von KTR beruht auf Initiative, Kreativit\u00e4t und st\u00e4ndiger Beobachtung des Marktes.<\/p>\n<p>Und das Ergebnis: eine gro\u00dfe Auswahl an <strong>Motorteilen<\/strong>, die einen sehr hohen Standard am Markt darstellen.<\/p>\n<p>Als Reaktion auf die sich st\u00e4ndig \u00e4ndernden Marktanforderungen wurden weitere innovative und moderne Produkte auf Basis von BoWex- und ROTEX-Kupplungen entwickelt.<\/p>\n<p>Das Hauptziel von KTR ist <strong>100 % Kundenzufriedenheit<\/strong>, was sich nicht nur auf die Qualit\u00e4t der Produkte, sondern auch auf die damit verbundenen Dienstleistungen (Service, Lieferung, Genauigkeit) bezieht.<\/p>\n<p>Ein geeignetes Qualit\u00e4tssicherungssystem steuert alle Arbeitsprozesse, wobei ein wichtiger Teil davon ist, dass das gesamte Team an der Entscheidungsfindung beteiligt ist. Seit 1993 ist KTR nach <strong>DIN ISO 9001<\/strong> zertifiziert.<\/p>\n<p>[\/et_pb_text][\/et_pb_column][\/et_pb_row][\/et_pb_section]<\/p>\n","protected":false},"excerpt":{"rendered":"<p>\u00dcber Uns KTR bietet h\u00f6chste Qualit\u00e4tInnovation und Pr\u00e4zision. Seit der Firmengr\u00fcndung im Jahr 1959 ist das Unternehmen zum Partner vieler geworden gro\u00dfe Firmen. Der Erfolg von KTR beruht auf Initiative, Kreativit\u00e4t und st\u00e4ndiger Beobachtung des Marktes. Und das Ergebnis: eine gro\u00dfe Auswahl an Motorteilen, die einen sehr hohen Standard am Markt darstellen. Als Reaktion auf [&hellip;]<\/p>\n","protected":false},"author":1,"featured_media":0,"parent":0,"menu_order":0,"comment_status":"closed","ping_status":"closed","template":"","meta":{"_et_pb_use_builder":"on","_et_pb_old_content":"<!-- wp:divi\/placeholder \/-->","_et_gb_content_width":"","inline_featured_image":false},"yoast_head":"<!-- This site is optimized with the Yoast SEO plugin v20.12 - https:\/\/yoast.com\/wordpress\/plugins\/seo\/ -->\n<title>\u00dcber Uns - KTR Systems<\/title>\n<meta name=\"robots\" content=\"index, follow, max-snippet:-1, max-image-preview:large, max-video-preview:-1\" \/>\n<link rel=\"canonical\" href=\"https:\/\/ktr-kuplung.hu\/de\/uber-uns\/\" \/>\n<meta property=\"og:locale\" content=\"de_DE\" \/>\n<meta property=\"og:type\" content=\"article\" \/>\n<meta property=\"og:title\" content=\"\u00dcber Uns - KTR Systems\" \/>\n<meta property=\"og:description\" content=\"\u00dcber Uns KTR bietet h\u00f6chste Qualit\u00e4tInnovation und Pr\u00e4zision. Seit der Firmengr\u00fcndung im Jahr 1959 ist das Unternehmen zum Partner vieler geworden gro\u00dfe Firmen. Der Erfolg von KTR beruht auf Initiative, Kreativit\u00e4t und st\u00e4ndiger Beobachtung des Marktes. Und das Ergebnis: eine gro\u00dfe Auswahl an Motorteilen, die einen sehr hohen Standard am Markt darstellen. Als Reaktion auf [&hellip;]\" \/>\n<meta property=\"og:url\" content=\"https:\/\/ktr-kuplung.hu\/de\/uber-uns\/\" \/>\n<meta property=\"og:site_name\" content=\"KTR Systems\" \/>\n<meta property=\"article:modified_time\" content=\"2023-08-15T16:26:58+00:00\" \/>\n<meta name=\"twitter:card\" content=\"summary_large_image\" \/>\n<meta name=\"twitter:label1\" content=\"Gesch\u00e4tzte Lesezeit\" \/>\n\t<meta name=\"twitter:data1\" content=\"1 Minute\" \/>\n<script type=\"application\/ld+json\" class=\"yoast-schema-graph\">{\"@context\":\"https:\/\/schema.org\",\"@graph\":[{\"@type\":\"WebPage\",\"@id\":\"https:\/\/ktr-kuplung.hu\/de\/uber-uns\/\",\"url\":\"https:\/\/ktr-kuplung.hu\/de\/uber-uns\/\",\"name\":\"\u00dcber Uns - KTR Systems\",\"isPartOf\":{\"@id\":\"https:\/\/ktr-kuplung.hu\/de\/#website\"},\"datePublished\":\"2023-07-31T11:04:22+00:00\",\"dateModified\":\"2023-08-15T16:26:58+00:00\",\"breadcrumb\":{\"@id\":\"https:\/\/ktr-kuplung.hu\/de\/uber-uns\/#breadcrumb\"},\"inLanguage\":\"de-DE\",\"potentialAction\":[{\"@type\":\"ReadAction\",\"target\":[\"https:\/\/ktr-kuplung.hu\/de\/uber-uns\/\"]}]},{\"@type\":\"BreadcrumbList\",\"@id\":\"https:\/\/ktr-kuplung.hu\/de\/uber-uns\/#breadcrumb\",\"itemListElement\":[{\"@type\":\"ListItem\",\"position\":1,\"name\":\"Kezd\u0151lap\",\"item\":\"https:\/\/ktr-kuplung.hu\/de\/\"},{\"@type\":\"ListItem\",\"position\":2,\"name\":\"\u00dcber Uns\"}]},{\"@type\":\"WebSite\",\"@id\":\"https:\/\/ktr-kuplung.hu\/de\/#website\",\"url\":\"https:\/\/ktr-kuplung.hu\/de\/\",\"name\":\"KTR Systems\",\"description\":\"Magas sz\u00ednvonal\u00fa, innovat\u00edv hajt\u00f3m\u0171vek\",\"publisher\":{\"@id\":\"https:\/\/ktr-kuplung.hu\/de\/#organization\"},\"potentialAction\":[{\"@type\":\"SearchAction\",\"target\":{\"@type\":\"EntryPoint\",\"urlTemplate\":\"https:\/\/ktr-kuplung.hu\/de\/?s={search_term_string}\"},\"query-input\":\"required name=search_term_string\"}],\"inLanguage\":\"de-DE\"},{\"@type\":\"Organization\",\"@id\":\"https:\/\/ktr-kuplung.hu\/de\/#organization\",\"name\":\"KTR Systems\",\"url\":\"https:\/\/ktr-kuplung.hu\/de\/\",\"logo\":{\"@type\":\"ImageObject\",\"inLanguage\":\"de-DE\",\"@id\":\"https:\/\/ktr-kuplung.hu\/de\/#\/schema\/logo\/image\/\",\"url\":\"https:\/\/ktr-kuplung.hu\/wp-content\/uploads\/2023\/08\/KTR_Systems_logo.svg\",\"contentUrl\":\"https:\/\/ktr-kuplung.hu\/wp-content\/uploads\/2023\/08\/KTR_Systems_logo.svg\",\"width\":1024,\"height\":408,\"caption\":\"KTR Systems\"},\"image\":{\"@id\":\"https:\/\/ktr-kuplung.hu\/de\/#\/schema\/logo\/image\/\"}}]}<\/script>\n<!-- \/ Yoast SEO plugin. -->","yoast_head_json":{"title":"\u00dcber Uns - KTR Systems","robots":{"index":"index","follow":"follow","max-snippet":"max-snippet:-1","max-image-preview":"max-image-preview:large","max-video-preview":"max-video-preview:-1"},"canonical":"https:\/\/ktr-kuplung.hu\/de\/uber-uns\/","og_locale":"de_DE","og_type":"article","og_title":"\u00dcber Uns - KTR Systems","og_description":"\u00dcber Uns KTR bietet h\u00f6chste Qualit\u00e4tInnovation und Pr\u00e4zision. Seit der Firmengr\u00fcndung im Jahr 1959 ist das Unternehmen zum Partner vieler geworden gro\u00dfe Firmen. Der Erfolg von KTR beruht auf Initiative, Kreativit\u00e4t und st\u00e4ndiger Beobachtung des Marktes. Und das Ergebnis: eine gro\u00dfe Auswahl an Motorteilen, die einen sehr hohen Standard am Markt darstellen. Als Reaktion auf [&hellip;]","og_url":"https:\/\/ktr-kuplung.hu\/de\/uber-uns\/","og_site_name":"KTR Systems","article_modified_time":"2023-08-15T16:26:58+00:00","twitter_card":"summary_large_image","twitter_misc":{"Gesch\u00e4tzte Lesezeit":"1 Minute"},"schema":{"@context":"https:\/\/schema.org","@graph":[{"@type":"WebPage","@id":"https:\/\/ktr-kuplung.hu\/de\/uber-uns\/","url":"https:\/\/ktr-kuplung.hu\/de\/uber-uns\/","name":"\u00dcber Uns - KTR Systems","isPartOf":{"@id":"https:\/\/ktr-kuplung.hu\/de\/#website"},"datePublished":"2023-07-31T11:04:22+00:00","dateModified":"2023-08-15T16:26:58+00:00","breadcrumb":{"@id":"https:\/\/ktr-kuplung.hu\/de\/uber-uns\/#breadcrumb"},"inLanguage":"de-DE","potentialAction":[{"@type":"ReadAction","target":["https:\/\/ktr-kuplung.hu\/de\/uber-uns\/"]}]},{"@type":"BreadcrumbList","@id":"https:\/\/ktr-kuplung.hu\/de\/uber-uns\/#breadcrumb","itemListElement":[{"@type":"ListItem","position":1,"name":"Kezd\u0151lap","item":"https:\/\/ktr-kuplung.hu\/de\/"},{"@type":"ListItem","position":2,"name":"\u00dcber Uns"}]},{"@type":"WebSite","@id":"https:\/\/ktr-kuplung.hu\/de\/#website","url":"https:\/\/ktr-kuplung.hu\/de\/","name":"KTR Systems","description":"Magas sz\u00ednvonal\u00fa, innovat\u00edv hajt\u00f3m\u0171vek","publisher":{"@id":"https:\/\/ktr-kuplung.hu\/de\/#organization"},"potentialAction":[{"@type":"SearchAction","target":{"@type":"EntryPoint","urlTemplate":"https:\/\/ktr-kuplung.hu\/de\/?s={search_term_string}"},"query-input":"required name=search_term_string"}],"inLanguage":"de-DE"},{"@type":"Organization","@id":"https:\/\/ktr-kuplung.hu\/de\/#organization","name":"KTR Systems","url":"https:\/\/ktr-kuplung.hu\/de\/","logo":{"@type":"ImageObject","inLanguage":"de-DE","@id":"https:\/\/ktr-kuplung.hu\/de\/#\/schema\/logo\/image\/","url":"https:\/\/ktr-kuplung.hu\/wp-content\/uploads\/2023\/08\/KTR_Systems_logo.svg","contentUrl":"https:\/\/ktr-kuplung.hu\/wp-content\/uploads\/2023\/08\/KTR_Systems_logo.svg","width":1024,"height":408,"caption":"KTR Systems"},"image":{"@id":"https:\/\/ktr-kuplung.hu\/de\/#\/schema\/logo\/image\/"}}]}},"_links":{"self":[{"href":"https:\/\/ktr-kuplung.hu\/de\/wp-json\/wp\/v2\/pages\/728"}],"collection":[{"href":"https:\/\/ktr-kuplung.hu\/de\/wp-json\/wp\/v2\/pages"}],"about":[{"href":"https:\/\/ktr-kuplung.hu\/de\/wp-json\/wp\/v2\/types\/page"}],"author":[{"embeddable":true,"href":"https:\/\/ktr-kuplung.hu\/de\/wp-json\/wp\/v2\/users\/1"}],"replies":[{"embeddable":true,"href":"https:\/\/ktr-kuplung.hu\/de\/wp-json\/wp\/v2\/comments?post=728"}],"version-history":[{"count":15,"href":"https:\/\/ktr-kuplung.hu\/de\/wp-json\/wp\/v2\/pages\/728\/revisions"}],"predecessor-version":[{"id":1450,"href":"https:\/\/ktr-kuplung.hu\/de\/wp-json\/wp\/v2\/pages\/728\/revisions\/1450"}],"wp:attachment":[{"href":"https:\/\/ktr-kuplung.hu\/de\/wp-json\/wp\/v2\/media?parent=728"}],"curies":[{"name":"wp","href":"https:\/\/api.w.org\/{rel}","templated":true}]}}